{"id":1475,"date":"2024-01-18T16:40:05","date_gmt":"2024-01-18T16:40:05","guid":{"rendered":"https:\/\/toutaballouta.com\/?page_id=1475"},"modified":"2025-10-02T23:52:36","modified_gmt":"2025-10-02T23:52:36","slug":"elementor-1475","status":"publish","type":"page","link":"https:\/\/toutaballouta.com\/?page_id=1475&lang=pt","title":{"rendered":"Shop &#8211; PT"},"content":{"rendered":"\t\t<div data-elementor-type=\"wp-page\" data-elementor-id=\"1475\" class=\"elementor elementor-1475\">\n\t\t\t\t\t\t\t\t\t<section class=\"elementor-section elementor-top-section elementor-element elementor-element-77e56ef elementor-section-boxed elementor-section-height-default elementor-section-height-default\" data-id=\"77e56ef\" data-element_type=\"section\" data-settings=\"{&quot;background_background&quot;:&quot;classic&quot;}\">\n\t\t\t\t\t\t\t<div class=\"elementor-background-overlay\"><\/div>\n\t\t\t\t\t\t\t<div class=\"elementor-container elementor-column-gap-no\">\n\t\t\t\t\t<div class=\"elementor-column elementor-col-100 elementor-top-column elementor-element elementor-element-ffa79e8\" data-id=\"ffa79e8\" data-element_type=\"column\">\n\t\t\t<div class=\"elementor-widget-wrap elementor-element-populated\">\n\t\t\t\t\t\t\t\t<div class=\"elementor-element elementor-element-90a1de3 elementor-widget elementor-widget-heading\" data-id=\"90a1de3\" data-element_type=\"widget\" data-widget_type=\"heading.default\">\n\t\t\t\t<div class=\"elementor-widget-container\">\n\t\t\t<style>\/*! elementor - v3.18.0 - 20-12-2023 *\/\n.elementor-heading-title{padding:0;margin:0;line-height:1}.elementor-widget-heading .elementor-heading-title[class*=elementor-size-]>a{color:inherit;font-size:inherit;line-height:inherit}.elementor-widget-heading .elementor-heading-title.elementor-size-small{font-size:15px}.elementor-widget-heading .elementor-heading-title.elementor-size-medium{font-size:19px}.elementor-widget-heading .elementor-heading-title.elementor-size-large{font-size:29px}.elementor-widget-heading .elementor-heading-title.elementor-size-xl{font-size:39px}.elementor-widget-heading .elementor-heading-title.elementor-size-xxl{font-size:59px}<\/style><h1 class=\"elementor-heading-title elementor-size-default\">nossa loja<\/h1>\t\t<\/div>\n\t\t\t\t<\/div>\n\t\t\t\t<div class=\"elementor-element elementor-element-552d267 elementor-hidden-desktop elementor-hidden-tablet elementor-hidden-mobile elementor-widget elementor-widget-text-editor\" data-id=\"552d267\" data-element_type=\"widget\" data-widget_type=\"text-editor.default\">\n\t\t\t\t<div class=\"elementor-widget-container\">\n\t\t\t<style>\/*! elementor - v3.18.0 - 20-12-2023 *\/\n.elementor-widget-text-editor.elementor-drop-cap-view-stacked .elementor-drop-cap{background-color:#69727d;color:#fff}.elementor-widget-text-editor.elementor-drop-cap-view-framed .elementor-drop-cap{color:#69727d;border:3px solid;background-color:transparent}.elementor-widget-text-editor:not(.elementor-drop-cap-view-default) .elementor-drop-cap{margin-top:8px}.elementor-widget-text-editor:not(.elementor-drop-cap-view-default) .elementor-drop-cap-letter{width:1em;height:1em}.elementor-widget-text-editor .elementor-drop-cap{float:left;text-align:center;line-height:1;font-size:50px}.elementor-widget-text-editor .elementor-drop-cap-letter{display:inline-block}<\/style>\t\t\t\t<p>Descubra uma variedade de produtos artesanais dispon\u00edveis no Dekkenit Touta, situado no restaurante!<\/p>\t\t\t\t\t\t<\/div>\n\t\t\t\t<\/div>\n\t\t\t\t<div class=\"elementor-element elementor-element-a7b4e0c elementor-widget-divider--view-line elementor-widget elementor-widget-divider\" data-id=\"a7b4e0c\" data-element_type=\"widget\" data-widget_type=\"divider.default\">\n\t\t\t\t<div class=\"elementor-widget-container\">\n\t\t\t<style>\/*! elementor - v3.18.0 - 20-12-2023 *\/\n.elementor-widget-divider{--divider-border-style:none;--divider-border-width:1px;--divider-color:#0c0d0e;--divider-icon-size:20px;--divider-element-spacing:10px;--divider-pattern-height:24px;--divider-pattern-size:20px;--divider-pattern-url:none;--divider-pattern-repeat:repeat-x}.elementor-widget-divider .elementor-divider{display:flex}.elementor-widget-divider .elementor-divider__text{font-size:15px;line-height:1;max-width:95%}.elementor-widget-divider .elementor-divider__element{margin:0 var(--divider-element-spacing);flex-shrink:0}.elementor-widget-divider .elementor-icon{font-size:var(--divider-icon-size)}.elementor-widget-divider .elementor-divider-separator{display:flex;margin:0;direction:ltr}.elementor-widget-divider--view-line_icon .elementor-divider-separator,.elementor-widget-divider--view-line_text .elementor-divider-separator{align-items:center}.elementor-widget-divider--view-line_icon .elementor-divider-separator:after,.elementor-widget-divider--view-line_icon .elementor-divider-separator:before,.elementor-widget-divider--view-line_text .elementor-divider-separator:after,.elementor-widget-divider--view-line_text .elementor-divider-separator:before{display:block;content:\"\";border-bottom:0;flex-grow:1;border-top:var(--divider-border-width) var(--divider-border-style) var(--divider-color)}.elementor-widget-divider--element-align-left .elementor-divider .elementor-divider-separator>.elementor-divider__svg:first-of-type{flex-grow:0;flex-shrink:100}.elementor-widget-divider--element-align-left .elementor-divider-separator:before{content:none}.elementor-widget-divider--element-align-left .elementor-divider__element{margin-left:0}.elementor-widget-divider--element-align-right .elementor-divider .elementor-divider-separator>.elementor-divider__svg:last-of-type{flex-grow:0;flex-shrink:100}.elementor-widget-divider--element-align-right .elementor-divider-separator:after{content:none}.elementor-widget-divider--element-align-right .elementor-divider__element{margin-right:0}.elementor-widget-divider:not(.elementor-widget-divider--view-line_text):not(.elementor-widget-divider--view-line_icon) .elementor-divider-separator{border-top:var(--divider-border-width) var(--divider-border-style) var(--divider-color)}.elementor-widget-divider--separator-type-pattern{--divider-border-style:none}.elementor-widget-divider--separator-type-pattern.elementor-widget-divider--view-line .elementor-divider-separator,.elementor-widget-divider--separator-type-pattern:not(.elementor-widget-divider--view-line) .elementor-divider-separator:after,.elementor-widget-divider--separator-type-pattern:not(.elementor-widget-divider--view-line) .elementor-divider-separator:before,.elementor-widget-divider--separator-type-pattern:not([class*=elementor-widget-divider--view]) .elementor-divider-separator{width:100%;min-height:var(--divider-pattern-height);-webkit-mask-size:var(--divider-pattern-size) 100%;mask-size:var(--divider-pattern-size) 100%;-webkit-mask-repeat:var(--divider-pattern-repeat);mask-repeat:var(--divider-pattern-repeat);background-color:var(--divider-color);-webkit-mask-image:var(--divider-pattern-url);mask-image:var(--divider-pattern-url)}.elementor-widget-divider--no-spacing{--divider-pattern-size:auto}.elementor-widget-divider--bg-round{--divider-pattern-repeat:round}.rtl .elementor-widget-divider .elementor-divider__text{direction:rtl}.e-con-inner>.elementor-widget-divider,.e-con>.elementor-widget-divider{width:var(--container-widget-width,100%);--flex-grow:var(--container-widget-flex-grow)}<\/style>\t\t<div class=\"elementor-divider\">\n\t\t\t<span class=\"elementor-divider-separator\">\n\t\t\t\t\t\t<\/span>\n\t\t<\/div>\n\t\t\t\t<\/div>\n\t\t\t\t<\/div>\n\t\t\t\t\t<\/div>\n\t\t<\/div>\n\t\t\t\t\t\t\t<\/div>\n\t\t<\/section>\n\t\t<div class=\"elementor-element elementor-element-a0aef10 e-flex e-con-boxed e-con e-parent\" data-id=\"a0aef10\" data-element_type=\"container\" data-settings=\"{&quot;content_width&quot;:&quot;boxed&quot;}\" data-core-v316-plus=\"true\">\n\t\t\t\t\t<div class=\"e-con-inner\">\n\t\t<div class=\"elementor-element elementor-element-1c8a61a e-con-full e-flex e-con e-child\" data-id=\"1c8a61a\" data-element_type=\"container\" data-settings=\"{&quot;content_width&quot;:&quot;full&quot;}\">\n\t\t\t\t<div class=\"elementor-element elementor-element-a4c5f16 elementor-widget elementor-widget-image\" data-id=\"a4c5f16\" data-element_type=\"widget\" data-widget_type=\"image.default\">\n\t\t\t\t<div class=\"elementor-widget-container\">\n\t\t\t<style>\/*! elementor - v3.18.0 - 20-12-2023 *\/\n.elementor-widget-image{text-align:center}.elementor-widget-image a{display:inline-block}.elementor-widget-image a img[src$=\".svg\"]{width:48px}.elementor-widget-image img{vertical-align:middle;display:inline-block}<\/style>\t\t\t\t\t\t\t\t\t\t\t\t<img fetchpriority=\"high\" decoding=\"async\" width=\"819\" height=\"1024\" src=\"https:\/\/toutaballouta.com\/wp-content\/uploads\/2025\/10\/DSC09253-3-R2-819x1024.jpg\" class=\"attachment-large size-large wp-image-1768\" alt=\"Touta shop\" srcset=\"https:\/\/toutaballouta.com\/wp-content\/uploads\/2025\/10\/DSC09253-3-R2-819x1024.jpg 819w, https:\/\/toutaballouta.com\/wp-content\/uploads\/2025\/10\/DSC09253-3-R2-240x300.jpg 240w, https:\/\/toutaballouta.com\/wp-content\/uploads\/2025\/10\/DSC09253-3-R2-768x960.jpg 768w, https:\/\/toutaballouta.com\/wp-content\/uploads\/2025\/10\/DSC09253-3-R2-1229x1536.jpg 1229w, https:\/\/toutaballouta.com\/wp-content\/uploads\/2025\/10\/DSC09253-3-R2-1638x2048.jpg 1638w, https:\/\/toutaballouta.com\/wp-content\/uploads\/2025\/10\/DSC09253-3-R2-scaled.jpg 2048w\" sizes=\"(max-width: 819px) 100vw, 819px\" \/>\t\t\t\t\t\t\t\t\t\t\t\t\t\t\t<\/div>\n\t\t\t\t<\/div>\n\t\t\t\t<\/div>\n\t\t<div class=\"elementor-element elementor-element-84034f5 e-con-full e-flex e-con e-child\" data-id=\"84034f5\" data-element_type=\"container\" data-settings=\"{&quot;content_width&quot;:&quot;full&quot;}\">\n\t\t\t\t<div class=\"elementor-element elementor-element-d357869 elementor-widget elementor-widget-heading\" data-id=\"d357869\" data-element_type=\"widget\" data-widget_type=\"heading.default\">\n\t\t\t\t<div class=\"elementor-widget-container\">\n\t\t\t<h2 class=\"elementor-heading-title elementor-size-default\">dekkene e <span class=\"elementor-heading-title elementor-size-default elementor-inline-editing pen\" data-elementor-setting-key=\"title\" data-pen-placeholder=\"Type Here...\" style=\"border: 0px; outline-color: currentcolor; outline-style: none; vertical-align: baseline; clear: both; color: var(--ast-global-color-2); line-height: 1.3;\">Mouneh<\/span><\/h2>\t\t<\/div>\n\t\t\t\t<\/div>\n\t\t\t\t<div class=\"elementor-element elementor-element-3c12a87 elementor-widget elementor-widget-text-editor\" data-id=\"3c12a87\" data-element_type=\"widget\" data-widget_type=\"text-editor.default\">\n\t\t\t\t<div class=\"elementor-widget-container\">\n\t\t\t\t\t\t\t<p>&#8220;Dekkene&#8221; \u00e9 um termo \u00e1rabe que se traduz por &#8220;loja&#8221; ou &#8220;armaz\u00e9m&#8221;.<\/p><p>\u00c9 habitualmente utilizado no L\u00edbano para designar uma pequena loja de conveni\u00eancia ou uma loja de bairro que vende v\u00e1rios artigos do quotidiano, mercearias, snacks e &#8220;mouneh&#8221;.<\/p>\t\t\t\t\t\t<\/div>\n\t\t\t\t<\/div>\n\t\t\t\t<div class=\"elementor-element elementor-element-3fbcda9 elementor-widget elementor-widget-text-editor\" data-id=\"3fbcda9\" data-element_type=\"widget\" data-widget_type=\"text-editor.default\">\n\t\t\t\t<div class=\"elementor-widget-container\">\n\t\t\t\t\t\t\t<p>&#8220;Mouneh&#8221; \u00e9 um termo \u00e1rabe que se refere \u00e0s pr\u00e1ticas tradicionais libanesas de conserva\u00e7\u00e3o de alimentos.<\/p><p>Envolve o processo de conserva\u00e7\u00e3o de frutas e legumes da \u00e9poca, bem como de outros g\u00e9neros aliment\u00edcios, para garantir um abastecimento constante ao longo do ano.<\/p><p>O mouneh inclui v\u00e1rios m\u00e9todos, como a secagem, a decapagem e o fabrico de compotas ou conservas.<\/p><p>A tradi\u00e7\u00e3o mouneh tamb\u00e9m reflecte a import\u00e2ncia da autossufici\u00eancia e das pr\u00e1ticas alimentares sustent\u00e1veis.<\/p>\t\t\t\t\t\t<\/div>\n\t\t\t\t<\/div>\n\t\t\t\t<\/div>\n\t\t\t\t\t<\/div>\n\t\t\t\t<\/div>\n\t\t\t\t<section class=\"elementor-section elementor-top-section elementor-element elementor-element-d530649 elementor-section-boxed elementor-section-height-default elementor-section-height-default\" data-id=\"d530649\" data-element_type=\"section\" data-settings=\"{&quot;background_background&quot;:&quot;classic&quot;}\">\n\t\t\t\t\t\t<div class=\"elementor-container elementor-column-gap-no\">\n\t\t\t\t\t<div class=\"elementor-column elementor-col-50 elementor-top-column elementor-element elementor-element-062e83e\" data-id=\"062e83e\" data-element_type=\"column\">\n\t\t\t<div class=\"elementor-widget-wrap elementor-element-populated\">\n\t\t\t\t\t\t\t\t<div class=\"elementor-element elementor-element-fa67e5b elementor-widget elementor-widget-heading\" data-id=\"fa67e5b\" data-element_type=\"widget\" data-widget_type=\"heading.default\">\n\t\t\t\t<div class=\"elementor-widget-container\">\n\t\t\t<h2 class=\"elementor-heading-title elementor-size-default\">Dekkenit Touta<\/h2>\t\t<\/div>\n\t\t\t\t<\/div>\n\t\t\t\t<div class=\"elementor-element elementor-element-15f1010 elementor-widget elementor-widget-text-editor\" data-id=\"15f1010\" data-element_type=\"widget\" data-widget_type=\"text-editor.default\">\n\t\t\t\t<div class=\"elementor-widget-container\">\n\t\t\t\t\t\t\t<p>Na dekkenit Touta, o nosso compromisso com a qualidade estende-se a cada frasco e a cada dentada.<\/p><p>Orgulhamo-nos de colaborar exclusivamente com pequenos produtores locais e de abra\u00e7ar a frescura sazonal na elabora\u00e7\u00e3o do nosso mouneh.<\/p><p>Ao dar prioridade a estas parcerias, garantimos que cada produto reflecte a ess\u00eancia da sua origem, oferecendo-lhe um sabor que n\u00e3o s\u00f3 \u00e9 delicioso como tamb\u00e9m apoia as comunidades locais.<\/p><p>No nosso fabrico de mouneh, honramos a sabedoria do passado enquanto abra\u00e7amos as inova\u00e7\u00f5es de hoje.<\/p><p>O nosso compromisso com a excel\u00eancia est\u00e1 enraizado em t\u00e9cnicas ancestrais, cuidadosamente transmitidas ao longo de gera\u00e7\u00f5es.<\/p><p>No entanto, n\u00e3o ficamos por aqui &#8211; acrescentamos um toque moderno a tudo o que fazemos.<\/p><p>Esta fus\u00e3o de tradi\u00e7\u00f5es consagradas pelo tempo e criatividade contempor\u00e2nea assegura que cada produto \u00e9 uma mistura harmoniosa de patrim\u00f3nio e inova\u00e7\u00e3o.<\/p>\t\t\t\t\t\t<\/div>\n\t\t\t\t<\/div>\n\t\t\t\t\t<\/div>\n\t\t<\/div>\n\t\t\t\t<div class=\"elementor-column elementor-col-50 elementor-top-column elementor-element elementor-element-f84ad8c\" data-id=\"f84ad8c\" data-element_type=\"column\">\n\t\t\t<div class=\"elementor-widget-wrap elementor-element-populated\">\n\t\t\t\t\t\t\t\t<div class=\"elementor-element elementor-element-9cb9442 elementor-widget elementor-widget-image\" data-id=\"9cb9442\" data-element_type=\"widget\" data-widget_type=\"image.default\">\n\t\t\t\t<div class=\"elementor-widget-container\">\n\t\t\t\t\t\t\t\t\t\t\t\t\t\t\t<img decoding=\"async\" width=\"683\" height=\"1024\" src=\"https:\/\/toutaballouta.com\/wp-content\/uploads\/2024\/01\/andre.mata-8851-683x1024.jpg\" class=\"attachment-large size-large wp-image-1153\" alt=\"Touta shop\" srcset=\"https:\/\/toutaballouta.com\/wp-content\/uploads\/2024\/01\/andre.mata-8851-683x1024.jpg 683w, https:\/\/toutaballouta.com\/wp-content\/uploads\/2024\/01\/andre.mata-8851-200x300.jpg 200w, https:\/\/toutaballouta.com\/wp-content\/uploads\/2024\/01\/andre.mata-8851-768x1152.jpg 768w, https:\/\/toutaballouta.com\/wp-content\/uploads\/2024\/01\/andre.mata-8851-1024x1536.jpg 1024w, https:\/\/toutaballouta.com\/wp-content\/uploads\/2024\/01\/andre.mata-8851-1365x2048.jpg 1365w, https:\/\/toutaballouta.com\/wp-content\/uploads\/2024\/01\/andre.mata-8851-scaled.jpg 1707w\" sizes=\"(max-width: 683px) 100vw, 683px\" \/>\t\t\t\t\t\t\t\t\t\t\t\t\t\t\t<\/div>\n\t\t\t\t<\/div>\n\t\t\t\t\t<\/div>\n\t\t<\/div>\n\t\t\t\t\t\t\t<\/div>\n\t\t<\/section>\n\t\t\t\t\t\t\t<\/div>\n\t\t","protected":false},"excerpt":{"rendered":"<p>nossa loja Descubra uma variedade de produtos artesanais dispon\u00edveis no Dekkenit Touta, situado no restaurante! dekkene e Mouneh &#8220;Dekkene&#8221; \u00e9 um termo \u00e1rabe que se traduz por &#8220;loja&#8221; ou &#8220;armaz\u00e9m&#8221;. \u00c9 habitualmente utilizado no L\u00edbano para designar uma pequena loja de conveni\u00eancia ou uma loja de bairro que vende v\u00e1rios artigos do quotidiano, mercearias, snacks &hellip;<\/p>\n<p class=\"read-more\"> <a class=\"\" href=\"https:\/\/toutaballouta.com\/?page_id=1475&#038;lang=pt\"> <span class=\"screen-reader-text\">Shop &#8211; PT<\/span> Read More &raquo;<\/a><\/p>\n","protected":false},"author":1,"featured_media":0,"parent":0,"menu_order":0,"comment_status":"closed","ping_status":"closed","template":"","meta":{"om_disable_all_campaigns":false,"_monsterinsights_skip_tracking":false,"_monsterinsights_sitenote_active":false,"_monsterinsights_sitenote_note":"","_monsterinsights_sitenote_category":0,"site-sidebar-layout":"no-sidebar","site-content-layout":"page-builder","ast-site-content-layout":"full-width-container","site-content-style":"unboxed","site-sidebar-style":"unboxed","ast-global-header-display":"","ast-banner-title-visibility":"","ast-main-header-display":"","ast-hfb-above-header-display":"","ast-hfb-below-header-display":"","ast-hfb-mobile-header-display":"","site-post-title":"disabled","ast-breadcrumbs-content":"","ast-featured-img":"disabled","footer-sml-layout":"","theme-transparent-header-meta":"enabled","adv-header-id-meta":"","stick-header-meta":"","header-above-stick-meta":"","header-main-stick-meta":"","header-below-stick-meta":"","astra-migrate-meta-layouts":"set","_themeisle_gutenberg_block_has_review":false,"footnotes":""},"aioseo_notices":[],"_links":{"self":[{"href":"https:\/\/toutaballouta.com\/index.php?rest_route=\/wp\/v2\/pages\/1475"}],"collection":[{"href":"https:\/\/toutaballouta.com\/index.php?rest_route=\/wp\/v2\/pages"}],"about":[{"href":"https:\/\/toutaballouta.com\/index.php?rest_route=\/wp\/v2\/types\/page"}],"author":[{"embeddable":true,"href":"https:\/\/toutaballouta.com\/index.php?rest_route=\/wp\/v2\/users\/1"}],"replies":[{"embeddable":true,"href":"https:\/\/toutaballouta.com\/index.php?rest_route=%2Fwp%2Fv2%2Fcomments&post=1475"}],"version-history":[{"count":41,"href":"https:\/\/toutaballouta.com\/index.php?rest_route=\/wp\/v2\/pages\/1475\/revisions"}],"predecessor-version":[{"id":1879,"href":"https:\/\/toutaballouta.com\/index.php?rest_route=\/wp\/v2\/pages\/1475\/revisions\/1879"}],"wp:attachment":[{"href":"https:\/\/toutaballouta.com\/index.php?rest_route=%2Fwp%2Fv2%2Fmedia&parent=1475"}],"curies":[{"name":"wp","href":"https:\/\/api.w.org\/{rel}","templated":true}]}}